{"id":261,"date":"2022-05-24T09:37:25","date_gmt":"2022-05-24T09:37:25","guid":{"rendered":"http:\/\/jmem-holstein.de\/startseite\/?page_id=261"},"modified":"2023-02-01T10:04:50","modified_gmt":"2023-02-01T10:04:50","slug":"ueber-uns","status":"publish","type":"page","link":"https:\/\/jmem-holstein.de\/startseite\/ueber-uns\/","title":{"rendered":"\u00dcber uns"},"content":{"rendered":"\n<h2 class=\"wp-block-heading\">Herzlich willkommen bei JMEM Holstein!<\/h2>\n\n\n\n<p><\/p>\n\n\n\n<p>Auf der Halbinsel Wagrien, unterhalb der Insel Fehmarn, auf allen Seiten von der Ostsee umgeben, liegt das Dorf G\u00f6hl, nicht weit (ca. 4 km) von Oldenburg in Holstein entfernt.<\/p>\n\n\n\n<blockquote class=\"wp-block-quote is-layout-flow wp-block-quote-is-layout-flow\">\n<p>Der sicherste Ort f\u00fcr ein Schiff ist der Hafen. Doch daf\u00fcr sind Schiffe nicht gemacht.<\/p>\n<cite>Albert Einstein<\/cite><\/blockquote>\n\n\n\n<p>Deshalb haben wir den Hafen verlassen und uns auf das Abenteuer mit Gott eingelassen.<\/p>\n\n\n\n<p><\/p>\n\n\n\n<h2 class=\"wp-block-heading\"><strong>Wer wir sind<\/strong><\/h2>\n\n\n\n<p>Wir sind eine Truppe von langj\u00e4hrigen Vollzeit\u00b4lern und JMEM\u00b4ern, die mitten im Berufsleben stehen und 2021 als Pionierteam in Schleswig-Holstein losgesegelt sind.<\/p>\n\n\n\n<h3 class=\"wp-block-heading\"><strong>Was wir wollen<\/strong><\/h3>\n\n\n\n<ul class=\"wp-block-list\">\n<li>Gemeinschaft leben und Gott besser kennenlernen<\/li>\n\n\n\n<li>Christen und Gemeinden ermutigen, im Glauben Neues zu wagen<\/li>\n\n\n\n<li>Menschen zu einem Leben mit Gott einladen<\/li>\n<\/ul>\n\n\n\n<p><strong>Vision: Segel setzen&nbsp; Kurs ausrichten<\/strong><\/p>\n\n\n\n<p><\/p>\n\n\n\n<p>Wir haben den Hafen verlassen und uns auf das Abenteuer mit Gott eingelassen. Dazu wollen wir auch andere Menschen einladen. Und wir wollen erleben wie Gott Menschen und Regionen, besonders Schleswig-Holstein, ver\u00e4ndert. Diese Ver\u00e4nderungen fangen im Kleinen an: bei dir und bei mir.<\/p>\n\n\n\n<p><\/p>\n\n\n\n<h2 class=\"wp-block-heading\"><strong>Unsere Schwerpunkte<\/strong><\/h2>\n\n\n\n<ul class=\"wp-block-list\">\n<li>Mitarbeiterausbildung und Membercare<\/li>\n\n\n\n<li>Training f\u00fcr junge Leiter<\/li>\n\n\n\n<li>Lobpreis und Anbetung<\/li>\n\n\n\n<li>internationale Hilfseins\u00e4tze<\/li>\n\n\n\n<li>internationaler Spielplatzbau<\/li>\n\n\n\n<li>King\u00b4s Kids (Dienst unter Kindern, Jugendlichen und Familien)<\/li>\n<\/ul>\n\n\n\n<p>Lust uns kennenzulernen? Dann meld Dich bei uns!<\/p>\n\n\n\n<div class=\"wp-block-buttons is-layout-flex wp-block-buttons-is-layout-flex\">\n<div class=\"wp-block-button is-style-fill\"><a class=\"wp-block-button__link wp-element-button\" href=\"https:\/\/jmem-holstein.de\/startseite\/kontakt\/\" rel=\"\">Kontaktier uns!<\/a><\/div>\n<\/div>\n","protected":false},"excerpt":{"rendered":"<p>Herzlich willkommen bei JMEM Holstein! Auf der Halbinsel Wagrien, unterhalb der Insel Fehmarn, auf allen Seiten von der Ostsee umgeben,<\/p>\n<p class=\"readmore\"><a href=\"https:\/\/jmem-holstein.de\/startseite\/ueber-uns\/\" title=\"Read \u00dcber uns\">Read more &raquo;<\/a><\/p>\n","protected":false},"author":1,"featured_media":0,"parent":0,"menu_order":0,"comment_status":"closed","ping_status":"closed","template":"","meta":{"footnotes":""},"class_list":["post-261","page","type-page","status-publish","hentry"],"yoast_head":"<!-- This site is optimized with the Yoast SEO plugin v27.3 - https:\/\/yoast.com\/product\/yoast-seo-wordpress\/ -->\n<title>\u00dcber uns - JMEM Oldenburg in Holstein<\/title>\n<meta name=\"description\" content=\"JMEM Oldenburg in Holstein - Das Team JMEM Holstein stellt sich kurz vor und bietet Einblicke in die Arbeit vor Ort.\" \/>\n<meta name=\"robots\" content=\"index, follow, max-snippet:-1, max-image-preview:large, max-video-preview:-1\" \/>\n<link rel=\"canonical\" href=\"https:\/\/jmem-holstein.de\/startseite\/ueber-uns\/\" \/>\n<meta property=\"og:locale\" content=\"de_DE\" \/>\n<meta property=\"og:type\" content=\"article\" \/>\n<meta property=\"og:title\" content=\"\u00dcber uns - JMEM Oldenburg in Holstein\" \/>\n<meta property=\"og:description\" content=\"JMEM Oldenburg in Holstein - Das Team JMEM Holstein stellt sich kurz vor und bietet Einblicke in die Arbeit vor Ort.\" \/>\n<meta property=\"og:url\" content=\"https:\/\/jmem-holstein.de\/startseite\/ueber-uns\/\" \/>\n<meta property=\"og:site_name\" content=\"JMEM Oldenburg in Holstein\" \/>\n<meta property=\"article:modified_time\" content=\"2023-02-01T10:04:50+00:00\" \/>\n<meta name=\"twitter:card\" content=\"summary_large_image\" \/>\n<meta name=\"twitter:label1\" content=\"Gesch\u00e4tzte Lesezeit\" \/>\n\t<meta name=\"twitter:data1\" content=\"2\u00a0Minuten\" \/>\n<script type=\"application\/ld+json\" class=\"yoast-schema-graph\">{\"@context\":\"https:\\\/\\\/schema.org\",\"@graph\":[{\"@type\":[\"Article\",\"Report\"],\"@id\":\"https:\\\/\\\/jmem-holstein.de\\\/startseite\\\/ueber-uns\\\/#article\",\"isPartOf\":{\"@id\":\"https:\\\/\\\/jmem-holstein.de\\\/startseite\\\/ueber-uns\\\/\"},\"author\":{\"name\":\"admin\",\"@id\":\"https:\\\/\\\/jmem-holstein.de\\\/startseite\\\/#\\\/schema\\\/person\\\/a27344cc3adef70c0e5e3757fc438824\"},\"headline\":\"\u00dcber uns\",\"datePublished\":\"2022-05-24T09:37:25+00:00\",\"dateModified\":\"2023-02-01T10:04:50+00:00\",\"mainEntityOfPage\":{\"@id\":\"https:\\\/\\\/jmem-holstein.de\\\/startseite\\\/ueber-uns\\\/\"},\"wordCount\":209,\"publisher\":{\"@id\":\"https:\\\/\\\/jmem-holstein.de\\\/startseite\\\/#organization\"},\"inLanguage\":\"de\"},{\"@type\":[\"WebPage\",\"AboutPage\"],\"@id\":\"https:\\\/\\\/jmem-holstein.de\\\/startseite\\\/ueber-uns\\\/\",\"url\":\"https:\\\/\\\/jmem-holstein.de\\\/startseite\\\/ueber-uns\\\/\",\"name\":\"\u00dcber uns - JMEM Oldenburg in Holstein\",\"isPartOf\":{\"@id\":\"https:\\\/\\\/jmem-holstein.de\\\/startseite\\\/#website\"},\"datePublished\":\"2022-05-24T09:37:25+00:00\",\"dateModified\":\"2023-02-01T10:04:50+00:00\",\"description\":\"JMEM Oldenburg in Holstein - Das Team JMEM Holstein stellt sich kurz vor und bietet Einblicke in die Arbeit vor Ort.\",\"breadcrumb\":{\"@id\":\"https:\\\/\\\/jmem-holstein.de\\\/startseite\\\/ueber-uns\\\/#breadcrumb\"},\"inLanguage\":\"de\",\"potentialAction\":[{\"@type\":\"ReadAction\",\"target\":[\"https:\\\/\\\/jmem-holstein.de\\\/startseite\\\/ueber-uns\\\/\"]}]},{\"@type\":\"BreadcrumbList\",\"@id\":\"https:\\\/\\\/jmem-holstein.de\\\/startseite\\\/ueber-uns\\\/#breadcrumb\",\"itemListElement\":[{\"@type\":\"ListItem\",\"position\":1,\"name\":\"Startseite\",\"item\":\"https:\\\/\\\/jmem-holstein.de\\\/startseite\\\/\"},{\"@type\":\"ListItem\",\"position\":2,\"name\":\"\u00dcber uns\"}]},{\"@type\":\"WebSite\",\"@id\":\"https:\\\/\\\/jmem-holstein.de\\\/startseite\\\/#website\",\"url\":\"https:\\\/\\\/jmem-holstein.de\\\/startseite\\\/\",\"name\":\"JMEM Oldenburg in Holstein\",\"description\":\"Der JMEM Holstein Verein stellt sich vor und h\u00e4lt dich \u00fcber die Website \u00fcber alle Veranstaltungen auf dem Laufenden.\",\"publisher\":{\"@id\":\"https:\\\/\\\/jmem-holstein.de\\\/startseite\\\/#organization\"},\"potentialAction\":[{\"@type\":\"SearchAction\",\"target\":{\"@type\":\"EntryPoint\",\"urlTemplate\":\"https:\\\/\\\/jmem-holstein.de\\\/startseite\\\/?s={search_term_string}\"},\"query-input\":{\"@type\":\"PropertyValueSpecification\",\"valueRequired\":true,\"valueName\":\"search_term_string\"}}],\"inLanguage\":\"de\"},{\"@type\":\"Organization\",\"@id\":\"https:\\\/\\\/jmem-holstein.de\\\/startseite\\\/#organization\",\"name\":\"Jugend mit einer Mission Holstein in Oldenburg\",\"url\":\"https:\\\/\\\/jmem-holstein.de\\\/startseite\\\/\",\"logo\":{\"@type\":\"ImageObject\",\"inLanguage\":\"de\",\"@id\":\"https:\\\/\\\/jmem-holstein.de\\\/startseite\\\/#\\\/schema\\\/logo\\\/image\\\/\",\"url\":\"https:\\\/\\\/jmem-holstein.de\\\/wp-content\\\/uploads\\\/2022\\\/06\\\/JMEM_Holstein_Logo-2.png\",\"contentUrl\":\"https:\\\/\\\/jmem-holstein.de\\\/wp-content\\\/uploads\\\/2022\\\/06\\\/JMEM_Holstein_Logo-2.png\",\"width\":338,\"height\":103,\"caption\":\"Jugend mit einer Mission Holstein in Oldenburg\"},\"image\":{\"@id\":\"https:\\\/\\\/jmem-holstein.de\\\/startseite\\\/#\\\/schema\\\/logo\\\/image\\\/\"}},{\"@type\":\"Person\",\"@id\":\"https:\\\/\\\/jmem-holstein.de\\\/startseite\\\/#\\\/schema\\\/person\\\/a27344cc3adef70c0e5e3757fc438824\",\"name\":\"admin\",\"image\":{\"@type\":\"ImageObject\",\"inLanguage\":\"de\",\"@id\":\"https:\\\/\\\/secure.gravatar.com\\\/avatar\\\/c488f3789c207c6fe19c8a87e9ced65d0d7dbddcba3ded54e90995c429a80c74?s=96&d=mm&r=g\",\"url\":\"https:\\\/\\\/secure.gravatar.com\\\/avatar\\\/c488f3789c207c6fe19c8a87e9ced65d0d7dbddcba3ded54e90995c429a80c74?s=96&d=mm&r=g\",\"contentUrl\":\"https:\\\/\\\/secure.gravatar.com\\\/avatar\\\/c488f3789c207c6fe19c8a87e9ced65d0d7dbddcba3ded54e90995c429a80c74?s=96&d=mm&r=g\",\"caption\":\"admin\"},\"sameAs\":[\"http:\\\/\\\/jmem-holstein.de\"],\"url\":\"https:\\\/\\\/jmem-holstein.de\\\/startseite\\\/author\\\/admin\\\/\"}]}<\/script>\n<!-- \/ Yoast SEO plugin. -->","yoast_head_json":{"title":"\u00dcber uns - JMEM Oldenburg in Holstein","description":"JMEM Oldenburg in Holstein - Das Team JMEM Holstein stellt sich kurz vor und bietet Einblicke in die Arbeit vor Ort.","robots":{"index":"index","follow":"follow","max-snippet":"max-snippet:-1","max-image-preview":"max-image-preview:large","max-video-preview":"max-video-preview:-1"},"canonical":"https:\/\/jmem-holstein.de\/startseite\/ueber-uns\/","og_locale":"de_DE","og_type":"article","og_title":"\u00dcber uns - JMEM Oldenburg in Holstein","og_description":"JMEM Oldenburg in Holstein - Das Team JMEM Holstein stellt sich kurz vor und bietet Einblicke in die Arbeit vor Ort.","og_url":"https:\/\/jmem-holstein.de\/startseite\/ueber-uns\/","og_site_name":"JMEM Oldenburg in Holstein","article_modified_time":"2023-02-01T10:04:50+00:00","twitter_card":"summary_large_image","twitter_misc":{"Gesch\u00e4tzte Lesezeit":"2\u00a0Minuten"},"schema":{"@context":"https:\/\/schema.org","@graph":[{"@type":["Article","Report"],"@id":"https:\/\/jmem-holstein.de\/startseite\/ueber-uns\/#article","isPartOf":{"@id":"https:\/\/jmem-holstein.de\/startseite\/ueber-uns\/"},"author":{"name":"admin","@id":"https:\/\/jmem-holstein.de\/startseite\/#\/schema\/person\/a27344cc3adef70c0e5e3757fc438824"},"headline":"\u00dcber uns","datePublished":"2022-05-24T09:37:25+00:00","dateModified":"2023-02-01T10:04:50+00:00","mainEntityOfPage":{"@id":"https:\/\/jmem-holstein.de\/startseite\/ueber-uns\/"},"wordCount":209,"publisher":{"@id":"https:\/\/jmem-holstein.de\/startseite\/#organization"},"inLanguage":"de"},{"@type":["WebPage","AboutPage"],"@id":"https:\/\/jmem-holstein.de\/startseite\/ueber-uns\/","url":"https:\/\/jmem-holstein.de\/startseite\/ueber-uns\/","name":"\u00dcber uns - JMEM Oldenburg in Holstein","isPartOf":{"@id":"https:\/\/jmem-holstein.de\/startseite\/#website"},"datePublished":"2022-05-24T09:37:25+00:00","dateModified":"2023-02-01T10:04:50+00:00","description":"JMEM Oldenburg in Holstein - Das Team JMEM Holstein stellt sich kurz vor und bietet Einblicke in die Arbeit vor Ort.","breadcrumb":{"@id":"https:\/\/jmem-holstein.de\/startseite\/ueber-uns\/#breadcrumb"},"inLanguage":"de","potentialAction":[{"@type":"ReadAction","target":["https:\/\/jmem-holstein.de\/startseite\/ueber-uns\/"]}]},{"@type":"BreadcrumbList","@id":"https:\/\/jmem-holstein.de\/startseite\/ueber-uns\/#breadcrumb","itemListElement":[{"@type":"ListItem","position":1,"name":"Startseite","item":"https:\/\/jmem-holstein.de\/startseite\/"},{"@type":"ListItem","position":2,"name":"\u00dcber uns"}]},{"@type":"WebSite","@id":"https:\/\/jmem-holstein.de\/startseite\/#website","url":"https:\/\/jmem-holstein.de\/startseite\/","name":"JMEM Oldenburg in Holstein","description":"Der JMEM Holstein Verein stellt sich vor und h\u00e4lt dich \u00fcber die Website \u00fcber alle Veranstaltungen auf dem Laufenden.","publisher":{"@id":"https:\/\/jmem-holstein.de\/startseite\/#organization"},"potentialAction":[{"@type":"SearchAction","target":{"@type":"EntryPoint","urlTemplate":"https:\/\/jmem-holstein.de\/startseite\/?s={search_term_string}"},"query-input":{"@type":"PropertyValueSpecification","valueRequired":true,"valueName":"search_term_string"}}],"inLanguage":"de"},{"@type":"Organization","@id":"https:\/\/jmem-holstein.de\/startseite\/#organization","name":"Jugend mit einer Mission Holstein in Oldenburg","url":"https:\/\/jmem-holstein.de\/startseite\/","logo":{"@type":"ImageObject","inLanguage":"de","@id":"https:\/\/jmem-holstein.de\/startseite\/#\/schema\/logo\/image\/","url":"https:\/\/jmem-holstein.de\/wp-content\/uploads\/2022\/06\/JMEM_Holstein_Logo-2.png","contentUrl":"https:\/\/jmem-holstein.de\/wp-content\/uploads\/2022\/06\/JMEM_Holstein_Logo-2.png","width":338,"height":103,"caption":"Jugend mit einer Mission Holstein in Oldenburg"},"image":{"@id":"https:\/\/jmem-holstein.de\/startseite\/#\/schema\/logo\/image\/"}},{"@type":"Person","@id":"https:\/\/jmem-holstein.de\/startseite\/#\/schema\/person\/a27344cc3adef70c0e5e3757fc438824","name":"admin","image":{"@type":"ImageObject","inLanguage":"de","@id":"https:\/\/secure.gravatar.com\/avatar\/c488f3789c207c6fe19c8a87e9ced65d0d7dbddcba3ded54e90995c429a80c74?s=96&d=mm&r=g","url":"https:\/\/secure.gravatar.com\/avatar\/c488f3789c207c6fe19c8a87e9ced65d0d7dbddcba3ded54e90995c429a80c74?s=96&d=mm&r=g","contentUrl":"https:\/\/secure.gravatar.com\/avatar\/c488f3789c207c6fe19c8a87e9ced65d0d7dbddcba3ded54e90995c429a80c74?s=96&d=mm&r=g","caption":"admin"},"sameAs":["http:\/\/jmem-holstein.de"],"url":"https:\/\/jmem-holstein.de\/startseite\/author\/admin\/"}]}},"_links":{"self":[{"href":"https:\/\/jmem-holstein.de\/startseite\/wp-json\/wp\/v2\/pages\/261","targetHints":{"allow":["GET"]}}],"collection":[{"href":"https:\/\/jmem-holstein.de\/startseite\/wp-json\/wp\/v2\/pages"}],"about":[{"href":"https:\/\/jmem-holstein.de\/startseite\/wp-json\/wp\/v2\/types\/page"}],"author":[{"embeddable":true,"href":"https:\/\/jmem-holstein.de\/startseite\/wp-json\/wp\/v2\/users\/1"}],"replies":[{"embeddable":true,"href":"https:\/\/jmem-holstein.de\/startseite\/wp-json\/wp\/v2\/comments?post=261"}],"version-history":[{"count":10,"href":"https:\/\/jmem-holstein.de\/startseite\/wp-json\/wp\/v2\/pages\/261\/revisions"}],"predecessor-version":[{"id":398,"href":"https:\/\/jmem-holstein.de\/startseite\/wp-json\/wp\/v2\/pages\/261\/revisions\/398"}],"wp:attachment":[{"href":"https:\/\/jmem-holstein.de\/startseite\/wp-json\/wp\/v2\/media?parent=261"}],"curies":[{"name":"wp","href":"https:\/\/api.w.org\/{rel}","templated":true}]}}