{"id":306,"date":"2022-06-10T22:08:39","date_gmt":"2022-06-10T22:08:39","guid":{"rendered":"http:\/\/jmem-holstein.de\/startseite\/?page_id=306"},"modified":"2022-06-25T08:09:04","modified_gmt":"2022-06-25T08:09:04","slug":"datenschutzerklaerung","status":"publish","type":"page","link":"https:\/\/jmem-holstein.de\/startseite\/datenschutzerklaerung\/","title":{"rendered":"Datenschutzerkl\u00e4rung"},"content":{"rendered":"\n<h2 class=\"wp-block-heading\">Wer bei uns f\u00fcr die Datenverarbeitung verantwortlich ist<\/h2>\n\n\n\n<p>Verantwortlich f\u00fcr die Datenverarbeitung ist:<\/p>\n\n\n\n<p>Jugend mit einer Mission &#8211; Oldenburg in Holstein e.V.<br>Carl Meyer<br>Pl\u00fcgge 9a<br>23785 G\u00f6hl<br>Deutschland<br><br>Telefon: 04361 \u2013 1839925<br>Mail: info@jmem-holstein.de<\/p>\n\n\n\n<h2 class=\"wp-block-heading\">Verarbeitung Ihrer Daten im Rahmen der Kernt\u00e4tigkeit unserer Organisation<\/h2>\n\n\n\n<p>Sofern Sie bei uns Mitglied sind bzw. uns unterst\u00fctzen, in gesch\u00e4ftlichen Beziehungen zu uns stehen oder sich f\u00fcr unsere T\u00e4tigkeit interessieren, richtet sich Art, Umfang und Zweck der Verarbeitung Ihrer Daten nach dem zwischen uns bestehenden mitgliedschaftlichen, vertraglichen bzw. vorvertraglichen Beziehungen. Zu den von uns verarbeiteten Daten geh\u00f6ren all diejenigen Daten, die wir zur Administration bzw. Abwicklung der mit Ihnen bestehenden mitgliedschaftlichen bzw. gesch\u00e4ftlichen Beziehungen ben\u00f6tigen oder um Ihre Anfrage bzw. Ihre Unterst\u00fctzungsleistung zu bearbeiten.<\/p>\n\n\n\n<p>Die Verarbeitung Ihrer Daten beschr\u00e4nkt sich auf diejenigen Daten, die f\u00fcr die vorgenannten Zwecke erforderlich und zweckm\u00e4\u00dfig sind. Welche Daten dies sind, teilen wir Ihnen vor oder im Rahmen der Datenerhebung mit.<\/p>\n\n\n\n<p>Eine Weitergabe Ihrer Daten an Dritte erfolgt nur, wenn dies zum Zwecke im Rahmen der Organisation unserer Organisation zur Abwicklung der Finanzbuchhaltung sowie der Befolgung gesetzlicher Verpflichtungen erforderlich ist. Soweit wir zur Erbringung unserer Leistungen Drittanbieter einsetzen, gelten die Gesch\u00e4ftsbedingungen und die Datenschutzhinweise der jeweiligen Drittanbieter.<\/p>\n\n\n\n<p><strong>Betroffene Daten:<\/strong><\/p>\n\n\n\n<ul class=\"wp-block-list\"><li>Bestandsdaten (bspw. Namen, Adressen)<\/li><li>Zahlungsdaten (bspw. Bankverbindungsdaten, Rechnungen)<\/li><li>Kontakdaten (bspw. E-Mail-Adresse, Telefonnummer, Postanschrift)<\/li><li>Vertragsdaten (bspw. Vertragsgegenstand, Vertragsdauer)<\/li><\/ul>\n\n\n\n<p><strong>Betroffene Personen:&nbsp;<\/strong>Interessenten, Mitglieder, Gesch\u00e4fts- und Vertragspartner<\/p>\n\n\n\n<p><strong>Verarbeitungszweck:&nbsp;<\/strong>Verwaltungen Mitgliedern und Unterst\u00fctzungsleistungen, Abwicklung vertraglicher Beziehungen, Kommunikation sowie Beantwortung von Kontaktanfragen, B\u00fcro und Organisationsverfahren<\/p>\n\n\n\n<p><strong>Rechtsgrundlage:<\/strong>&nbsp;Vertragserf\u00fcllung und vorvertragliche Anfragen, Art. 6 Abs. 1 lit. b DSGVO, rechtliche Verpflichtung, Art. 6 Abs. 1 lit. c DSGVO, berechtigtes Interesse, Art. 6 Abs. 1 lit. f DSGVO<\/p>\n\n\n\n<h2 class=\"wp-block-heading\">Ihre Rechte nach der DSGVO<\/h2>\n\n\n\n<p>Nach der DSGVO stehen Ihnen die nachfolgend aufgef\u00fchrten Rechte zu, die Sie jederzeit bei dem in Ziffer 1. dieser Datenschutzerkl\u00e4rung genannten Verantwortlichen geltend machen k\u00f6nnen:<\/p>\n\n\n\n<ul class=\"wp-block-list\"><li><strong>Recht auf Auskunft:<\/strong>&nbsp;Sie haben das Recht, von uns Auskunft dar\u00fcber zu verlangen, ob und welche Daten wir von Ihnen verarbeiten.<\/li><li><strong>Recht auf Berichtigung:<\/strong>&nbsp;Sie haben das Recht, die Berichtigung unrichtiger oder Vervollst\u00e4ndigung unvollst\u00e4ndiger Daten zu verlangen.<\/li><li><strong>Recht auf L\u00f6schung:<\/strong>&nbsp;Sie haben das Recht, die L\u00f6schung Ihrer Daten zu verlangen.<\/li><li><strong>Recht auf Einschr\u00e4nkung:<\/strong>&nbsp;Sie haben in bestimmten F\u00e4llen das Recht zu verlangen, dass wir Ihre Daten nur noch eingeschr\u00e4nkt bearbeiten.<\/li><li><strong>Recht auf Daten\u00fcbertragbarkeit:<\/strong>&nbsp;Sie haben das Recht zu verlangen, dass wir Ihnen oder einem anderen Verantwortlichen Ihre Daten in einem strukturierten, g\u00e4ngigen und maschinenlesebaren Format \u00fcbermitteln.<\/li><li><strong>Beschwerderecht<\/strong>: Sie haben das Recht, sich bei einer Aufsichtsbeh\u00f6rde zu beschweren. Zust\u00e4ndig ist die Aufsichtsbeh\u00f6rde Ihres \u00fcblichen Aufenthaltsortes, Ihres Arbeitsplatzes oder unseres Firmensitzes.<\/li><\/ul>\n\n\n\n<h3 class=\"wp-block-heading\">Widerrufsrecht<\/h3>\n\n\n\n<p>Sie haben das Recht, die von Ihnen erteilte Einwilligung zur Datenverarbeitung jederzeit zu widerrufen.<\/p>\n\n\n\n<h3 class=\"wp-block-heading\">Widerspruchsrecht<\/h3>\n\n\n\n<p>Sie haben das Recht, jederzeit gegen die Verarbeitung Ihrer Daten, die wir auf unser berechtigtes Interesse nach Art. 6 Abs. 1 lit. f DSGVO st\u00fctzen, Widerspruch einzulegen. Sofern Sie von Ihrem Widerspruchsrecht Gebrauch machen, bitten wir Sie um die Darlegung der Gr\u00fcnde. Wir werden Ihre personenbezogenen Daten dann nicht mehr verarbeiten, es sei denn, wir k\u00f6nnen Ihnen gegen\u00fcber nachweisen, dass zwingende schutzw\u00fcrdige Gr\u00fcnde an der Datenverarbeitung Ihre Interessen und Rechte \u00fcberwiegen.<\/p>\n\n\n\n<p><strong>Unabh\u00e4ngig vom vorstehend Gesagten, haben Sie das jederzeitige Recht, der Verarbeitung Ihrer personenbezogenen Daten f\u00fcr Zwecke der Werbung und Datenanalyse zu widersprechen.<\/strong><\/p>\n\n\n\n<p>Ihren Widerspruch richten Sie bitte an die oben angegebene Kontaktadresse des Verantwortlichen.<\/p>\n\n\n\n<h2 class=\"wp-block-heading\">Wann l\u00f6schen wir Ihre Daten?<\/h2>\n\n\n\n<p>Wir l\u00f6schen Ihre Daten dann, wenn wir diese nicht mehr brauchen oder Sie uns dies vorgeben. Das bedeutet, dass &#8211; sofern sich aus den einzelnen Datenschutzhinweisen dieser Datenschutzerkl\u00e4rung nichts anderes ergibt &#8211; wir Ihre Daten l\u00f6schen,<\/p>\n\n\n\n<ul class=\"wp-block-list\"><li>wenn der Zweck der Datenverarbeitung weggefallen ist und damit die jeweilige in den einzelnen Datenschutzhinweisen genannte Rechtsgrundlage nicht mehr besteht, also bspw.<ul><li>nach Beendigung der zwischen uns bestehenden vertraglichen oder mitgliedschaftlichen Beziehungen (Art. 6 Abs. 1 lit. a DSGVO) oder<\/li><li>nach Wegfall unseres berechtigten Interesses an der weiteren Verarbeitung oder Speicherung Ihrer Daten (Art. 6 Abs. 1 lit. f DSGVO),<\/li><\/ul><\/li><li>wenn Sie von Ihrem Widerrufsrecht Gebrauch machen und keine anderweitige gesetzliche Rechtsgrundlage f\u00fcr die Verarbeitung im Sinne von Art. 6 Abs. 1 lit. b-f DSGVO eingreift,<\/li><li>wenn Sie vom Ihrem Widerspruchsrecht Gebrauch machen und der L\u00f6schung keine zwingenden schutzw\u00fcrdigen Gr\u00fcnde entgegenstehen.<\/li><\/ul>\n\n\n\n<p>Sofern wir (bestimmte Teile) Ihre(r) Daten jedoch noch f\u00fcr andere Zwecke vorhalten m\u00fcssen, weil dies etwa steuerliche Aufbewahrungsfristen (in der Regel 6 Jahre f\u00fcr Gesch\u00e4ftskorrespondenz bzw. 10 Jahre f\u00fcr Buchungsbelege) oder die Geltendmachung, Aus\u00fcbung oder Verteidigung von Rechtsanspr\u00fcchen aus vertraglichen Beziehungen (bis zu vier Jahren) erforderlich machen oder die Daten zum Schutz der Rechte einer anderen nat\u00fcrlichen oder juristischen Person gebraucht werden, l\u00f6schen wir (den Teil) Ihre(r) Daten erst nach Ablauf dieser Fristen. Bis zum Ablauf dieser Fristen beschr\u00e4nken wir die Verarbeitung dieser Daten jedoch auf diese Zwecke (Erf\u00fcllung der Aufbewahrungspflichten).<\/p>\n\n\n\n<h2 class=\"wp-block-heading\">Cookies<\/h2>\n\n\n\n<p>Unsere Internetseite nutzt Cookies. Bei Cookies handelt es sich um kleine Textdateien, bestehend aus einer Reihe von Zahlen und Buchstaben, die auf dem von Ihnen genutzten Endger\u00e4t abgelegt und gespeichert werden. Cookies dienen vorrangig dazu, Informationen zwischen dem von Ihnen genutzten Endger\u00e4t und unserer Webseite auszutauschen. Hierzu geh\u00f6ren u. a. die Spracheinstellungen auf einer Webseite, der Login-Status oder die Stelle, an der ein Video geschaut wurde.<\/p>\n\n\n\n<p>Beim Besuch unserer Webseiten werden zwei Typen von Cookies eingesetzt:<\/p>\n\n\n\n<ul class=\"wp-block-list\"><li><strong>Tempor\u00e4re Cookies (Session Cookies):<\/strong>&nbsp;Diese speichern eine sogenannte Session-ID, mit welcher sich verschiedene Anfragen Ihres Browsers der gemeinsamen Sitzung zuordnen lassen. Die Session-Cookies werden gel\u00f6scht, wenn Sie sich ausloggen oder Ihren Browser schlie\u00dfen.<\/li><li><strong>Permanente Cookies:&nbsp;<\/strong>Permanente Cookies bleiben auch nach dem Schlie\u00dfen des Browsers gespeichert. Dadurch erkennt unsere Webseite Ihren Rechner wieder, wenn Sie auf unsere Webseite zur\u00fcckkehren. In diesen Cookies werden beispielsweise Informationen zu Spracheinstellungen oder Log-In-Informationen gespeichert. Au\u00dferdem kann mit diesen Cookies Ihr Surfverhalten dokumentiert und gespeichert werden. Diese Daten k\u00f6nnen zu Statistik-, Marketing- und Personalisierungs-Zwecken verwendet werden.<\/li><\/ul>\n\n\n\n<p>Neben der vorstehenden Einteilung k\u00f6nnen Cookies auch im Hinblick auf ihren Einsatzzweck unterschieden werden:<\/p>\n\n\n\n<ul class=\"wp-block-list\"><li><strong>Notwendige Cookies:<\/strong>&nbsp;Dies sind Cookies, die f\u00fcr den Betrieb unserer Webseite unbedingt erforderlich sind, um Logins oder Warenk\u00f6rbe f\u00fcr die Dauer Ihrer Sitzung zu speichern oder Cookies, die aus Sicherheitsgr\u00fcnden gesetzt werden.<\/li><li><strong>Statistik-, Marketing- und Personalisierungs-Cookies:<\/strong>&nbsp;Dies sind Cookies, die f\u00fcr Analysezwecke oder die Reichweitenmessung eingesetzt werden. \u00dcber solche &#8220;Tracking&#8221;-Cookies k\u00f6nnen insbesondere Informationen zu eingegebenen Suchbegriffen oder die H\u00e4ufigkeit von Seitenaufrufen gespeichert sein. Daneben kann aber auch das Surfverhalten eines einzelnen Nutzers (z. B. Betrachten bestimmter Inhalte, Nutzen von Funktionen etc.) in einem Nutzerprofil gespeichert werden. Solche Profile werden genutzt, um Nutzern Inhalte anzuzeigen, die deren potentiellen Interessen entsprechen. Soweit wir Dienste nutzen, \u00fcber die Cookies zu Statistik-, Marketing- und Personalisierungs-Zwecken auf Ihrem Endger\u00e4t gespeichert werden, informieren wir Sie hierzu gesondert in den nachfolgenden Abschnitten unserer Datenschutzerkl\u00e4rung oder im Rahmen der Einholung Ihrer Einwilligung.<\/li><\/ul>\n\n\n\n<p><strong>Betroffene Daten:<\/strong><\/p>\n\n\n\n<ul class=\"wp-block-list\"><li>Nutzungsdaten (bspw. Zugriffszeiten, angeklickte Webseiten)<\/li><li>Kommunikationsdaten (bspw. Informationen \u00fcber das genutzte Ger\u00e4t, IP-Adresse).<\/li><\/ul>\n\n\n\n<p><strong>Betroffene Personen:&nbsp;<\/strong>Nutzer unserer Onlineangebote<\/p>\n\n\n\n<p><strong>Verarbeitungszweck:&nbsp;<\/strong>Ausspielen unserer Internetseiten, Gew\u00e4hrleistung des Betriebs unserer Internetseiten, Verbesserung unseres Internetangebotes, Kommunikation und Marketing<\/p>\n\n\n\n<p><strong>Rechtsgrundlage:<br>Berechtigtes Interesse, Art. 6 Abs. 1 lit. f DSGVO<\/strong><br>Sofern wir von Ihnen keine Einwilligung in das Setzen der Cookies einholen, st\u00fctzen wir die Verarbeitung Ihrer Daten auf unser berechtigtes Interesse, die Qualit\u00e4t und Benutzerfreundlichkeit unseres Internetauftritts, insbesondere der Inhalte und Funktionen zu verbessern. Sie haben \u00fcber die Sicherheitseinstellungen Ihres Browsers, dem Einsatz der von uns im Rahmen unseres berechtigten Interesses gesetzten Cookies zu widersprechen. Dort haben Sie die M\u00f6glichkeit festzulegen, ob Sie etwa von vornherein keine oder nur auf Nachfrage Cookies akzeptieren oder aber festlegen, dass Cookies nach jedem Schlie\u00dfen Ihres Browsers gel\u00f6scht werden. Werden Cookies f\u00fcr unsere Webseite deaktiviert, k\u00f6nnen m\u00f6glicherweise nicht mehr alle Funktionen der Webseite vollumf\u00e4nglich genutzt werden.<\/p>\n\n\n\n<p><strong>Einwilligung, Art. 6 Abs. 1 lit. a DSGVO<\/strong><br>Sofern wir Sie vor Ihrem Besuch unserer Internetpr\u00e4senz darum bitten, bestimmte Cookies auf Ihr Endger\u00e4t setzen zu d\u00fcrfen, und Sie hierein einwilligen, ist in der von Ihnen erteilten Einwilligung die Rechtsgrundlage zu sehen. Wir informieren Sie im Rahmen der Einwilligung dar\u00fcber, welche Cookies wir im Einzelnen setzen. Sofern Sie diese Einwilligung nicht erteilen, setzen sich lediglich die sogenannten technisch notwendigen Cookies, die f\u00fcr den ordnungsgem\u00e4\u00dfen Betrieb unserer Internetseiten sowie deren Darstellung in Ihrem Browser erforderlich sind. Sofern Sie in das Setzen von Cookies eingewilligt haben, haben sie jederzeitige M\u00f6glichkeit, uns gegen\u00fcber der erteilten Einwilligung zu widerrufen.<\/p>\n\n\n\n<h2 class=\"wp-block-heading\">Webhosting<\/h2>\n\n\n\n<p>Wir bedienen uns zum Vorhalten unserer Internetseiten eines Anbieters, auf dessen Server unsere Internetseiten gespeichert und f\u00fcr den Abruf im Internet verf\u00fcgbar gemacht werden (Hosting). Hierbei k\u00f6nnen von dem Anbieter all diejenigen \u00fcber den von Ihnen genutzten Browser \u00fcbertragenen Daten verarbeitet werden, die bei der Nutzung unserer Internetseiten anfallen. Hierzu geh\u00f6ren insbesondere Ihre IP-Adresse, die der Anbieter ben\u00f6tigt, um unser Online-Angebot an den von Ihnen genutzten Browser ausliefern zu k\u00f6nnen sowie s\u00e4mtliche von Ihnen \u00fcber unsere Internetseite get\u00e4tigten Eingaben. Daneben kann der von uns genutzte Anbieter&nbsp;&nbsp;<\/p>\n\n\n\n<ul class=\"wp-block-list\"><li>das Datum und die Uhrzeit des Zugriffs auf unsere Internetseite<\/li><li>Zeitzonendifferenz zur Greenwich Mean Time (GMT)<\/li><li>Zugriffsstatus (HTTP-Status)<\/li><li>die \u00fcbertragene Datenmenge<\/li><li>der Internet-Service-Provider des zugreifenden Systems<\/li><li>der von Ihnen verwendete Browsertyp und dessen Version<\/li><li>das von Ihnen verwendete Betriebssystem<\/li><li>die Internetseite, von welcher Sie gegebenenfalls auf unsere Internetseite gelangt sind<\/li><li>die Seiten bzw. Unterseiten, welche Sie auf unserer Internetseite besuchen.<\/li><\/ul>\n\n\n\n<p>erheben. Die vorgenannten Daten werden als Logfiles auf den Servern unseres Anbieters gespeichert. Dies ist erforderlich, um die Stabilit\u00e4t und Sicherheit des Betriebs unserer Internetseite zu gew\u00e4hrleisten.<\/p>\n\n\n\n<p><strong>Betroffene Daten:<\/strong><\/p>\n\n\n\n<ul class=\"wp-block-list\"><li>Inhaltsdaten (bspw. Posts, Fotos, Videos)<\/li><li>Nutzungsdaten (bspw. Zugriffszeiten, angeklickte Webseiten)<\/li><li>Kommunikationsdaten (bspw. Informationen \u00fcber das genutzte Ger\u00e4t, IP-Adresse)<\/li><\/ul>\n\n\n\n<p><strong>Betroffene Personen:&nbsp;<\/strong>Nutzer unserer Internetpr\u00e4senz<\/p>\n\n\n\n<p><strong>Verarbeitungszweck:&nbsp;<\/strong>Ausspielen unserer Internetseiten, Gew\u00e4hrleistung des Betriebs unserer Internetseiten<\/p>\n\n\n\n<p><strong>Rechtsgrundlage:<\/strong>&nbsp;Berechtigtes Interesse, Art. 6 Abs. 1 lit. f DSGVO<\/p>\n\n\n\n<p><strong>Von uns beauftragte(r) Webhoster:<\/strong> STRATO<\/p>\n\n\n\n<h2 class=\"wp-block-heading\">Kontaktaufnahme<\/h2>\n\n\n\n<p>Soweit Sie uns \u00fcber E-Mail, Soziale Medien, Telefon, Fax, Post, unser Kontaktformular oder sonstwie ansprechen und uns hierbei personenbezogene Daten wie Ihren Namen, Ihre Telefonnummer oder Ihre E-Mail-Adresse zur Verf\u00fcgung stellen oder weitere Angaben zur Ihrer Person oder Ihrem Anliegen machen, verarbeiten wir diese Daten zur Beantwortung Ihrer Anfrage im Rahmen des zwischen uns bestehenden vorvertraglichen oder vertraglichen Beziehungen.<\/p>\n\n\n\n<p><strong>Betroffene Daten:<\/strong><\/p>\n\n\n\n<ul class=\"wp-block-list\"><li>Bestandsdaten (bspw. Namen, Adressen)<\/li><li>Kontakdaten (bspw. E-Mail-Adresse, Telefonnummer, Postanschrift)<\/li><li>Inhaltsdaten (Texte, Fotos, Videos)<\/li><li>Vertragsdaten (bspw. Vertragsgegenstand, Vertragsdauer)<\/li><\/ul>\n\n\n\n<p><strong>Betroffene Personen:&nbsp;<\/strong>Interessenten, Kunden, Gesch\u00e4fts- und Vertragspartner<\/p>\n\n\n\n<p><strong>Verarbeitungszweck:&nbsp;<\/strong>Kommunikation sowie Beantwortung von Kontaktanfragen, B\u00fcro und Organisationsverfahren<\/p>\n\n\n\n<p><strong>Rechtsgrundlage:<\/strong>&nbsp;Vertragserf\u00fcllung und vorvertragliche Anfragen, Art. 6 Abs. 1 lit. b DSGVO, berechtigtes Interesse, Art. 6 Abs. 1 lit. f DSGVO<\/p>\n\n\n\n<h2 class=\"wp-block-heading\">Sicherheitsma\u00dfnahmen<\/h2>\n\n\n\n<p>Wir treffen im \u00dcbrigen technische und organisatorische Sicherheitsma\u00dfnahmen nach dem Stand der Technik, um die Vorschriften der Datenschutzgesetze einzuhalten und Ihre Daten gegen zuf\u00e4llige oder vors\u00e4tzliche Manipulationen, teilweisen oder vollst\u00e4ndigen Verlust, Zerst\u00f6rung oder gegen den unbefugten Zugriff Dritter zu sch\u00fctzen.<\/p>\n\n\n\n<h2 class=\"wp-block-heading\">Aktualit\u00e4t und \u00c4nderung dieser Datenschutzerkl\u00e4rung<\/h2>\n\n\n\n<p>Diese Datenschutzerkl\u00e4rung ist aktuell g\u00fcltig und hat den Stand Juni 2022. Aufgrund ge\u00e4nderter gesetzlicher bzw. beh\u00f6rdlicher Vorgaben kann es notwendig werden, diese Datenschutzerkl\u00e4rung anzupassen.<\/p>\n\n\n\n<p><strong>Diese Datenschutzerkl\u00e4rung wurde mit Hilfe des Datenschutz-Generators von SOS Recht erstellt. SOS Recht ist ein Angebot der Mueller.legal Rechtsanw\u00e4lte Partnerschaft mit Sitz in Berlin.<\/strong><\/p>\n","protected":false},"excerpt":{"rendered":"<p>Wer bei uns f\u00fcr die Datenverarbeitung verantwortlich ist Verantwortlich f\u00fcr die Datenverarbeitung ist: Jugend mit einer Mission &#8211; Oldenburg in<\/p>\n<p class=\"readmore\"><a href=\"https:\/\/jmem-holstein.de\/startseite\/datenschutzerklaerung\/\" title=\"Read Datenschutzerkl\u00e4rung\">Read more &raquo;<\/a><\/p>\n","protected":false},"author":1,"featured_media":0,"parent":0,"menu_order":0,"comment_status":"closed","ping_status":"closed","template":"","meta":{"footnotes":""},"class_list":["post-306","page","type-page","status-publish","hentry"],"yoast_head":"<!-- This site is optimized with the Yoast SEO plugin v27.3 - https:\/\/yoast.com\/product\/yoast-seo-wordpress\/ -->\n<title>Datenschutzerkl\u00e4rung - JMEM Oldenburg in Holstein<\/title>\n<meta name=\"robots\" content=\"index, follow, max-snippet:-1, max-image-preview:large, max-video-preview:-1\" \/>\n<link rel=\"canonical\" href=\"https:\/\/jmem-holstein.de\/startseite\/datenschutzerklaerung\/\" \/>\n<meta property=\"og:locale\" content=\"de_DE\" \/>\n<meta property=\"og:type\" content=\"article\" \/>\n<meta property=\"og:title\" content=\"Datenschutzerkl\u00e4rung - JMEM Oldenburg in Holstein\" \/>\n<meta property=\"og:description\" content=\"Wer bei uns f\u00fcr die Datenverarbeitung verantwortlich ist Verantwortlich f\u00fcr die Datenverarbeitung ist: Jugend mit einer Mission &#8211; Oldenburg inRead more &raquo;\" \/>\n<meta property=\"og:url\" content=\"https:\/\/jmem-holstein.de\/startseite\/datenschutzerklaerung\/\" \/>\n<meta property=\"og:site_name\" content=\"JMEM Oldenburg in Holstein\" \/>\n<meta property=\"article:modified_time\" content=\"2022-06-25T08:09:04+00:00\" \/>\n<meta name=\"twitter:card\" content=\"summary_large_image\" \/>\n<meta name=\"twitter:label1\" content=\"Gesch\u00e4tzte Lesezeit\" \/>\n\t<meta name=\"twitter:data1\" content=\"9\u00a0Minuten\" \/>\n<script type=\"application\/ld+json\" class=\"yoast-schema-graph\">{\"@context\":\"https:\\\/\\\/schema.org\",\"@graph\":[{\"@type\":\"WebPage\",\"@id\":\"https:\\\/\\\/jmem-holstein.de\\\/startseite\\\/datenschutzerklaerung\\\/\",\"url\":\"https:\\\/\\\/jmem-holstein.de\\\/startseite\\\/datenschutzerklaerung\\\/\",\"name\":\"Datenschutzerkl\u00e4rung - JMEM Oldenburg in Holstein\",\"isPartOf\":{\"@id\":\"https:\\\/\\\/jmem-holstein.de\\\/startseite\\\/#website\"},\"datePublished\":\"2022-06-10T22:08:39+00:00\",\"dateModified\":\"2022-06-25T08:09:04+00:00\",\"breadcrumb\":{\"@id\":\"https:\\\/\\\/jmem-holstein.de\\\/startseite\\\/datenschutzerklaerung\\\/#breadcrumb\"},\"inLanguage\":\"de\",\"potentialAction\":[{\"@type\":\"ReadAction\",\"target\":[\"https:\\\/\\\/jmem-holstein.de\\\/startseite\\\/datenschutzerklaerung\\\/\"]}]},{\"@type\":\"BreadcrumbList\",\"@id\":\"https:\\\/\\\/jmem-holstein.de\\\/startseite\\\/datenschutzerklaerung\\\/#breadcrumb\",\"itemListElement\":[{\"@type\":\"ListItem\",\"position\":1,\"name\":\"Startseite\",\"item\":\"https:\\\/\\\/jmem-holstein.de\\\/startseite\\\/\"},{\"@type\":\"ListItem\",\"position\":2,\"name\":\"Datenschutzerkl\u00e4rung\"}]},{\"@type\":\"WebSite\",\"@id\":\"https:\\\/\\\/jmem-holstein.de\\\/startseite\\\/#website\",\"url\":\"https:\\\/\\\/jmem-holstein.de\\\/startseite\\\/\",\"name\":\"JMEM Oldenburg in Holstein\",\"description\":\"Der JMEM Holstein Verein stellt sich vor und h\u00e4lt dich \u00fcber die Website \u00fcber alle Veranstaltungen auf dem Laufenden.\",\"publisher\":{\"@id\":\"https:\\\/\\\/jmem-holstein.de\\\/startseite\\\/#organization\"},\"potentialAction\":[{\"@type\":\"SearchAction\",\"target\":{\"@type\":\"EntryPoint\",\"urlTemplate\":\"https:\\\/\\\/jmem-holstein.de\\\/startseite\\\/?s={search_term_string}\"},\"query-input\":{\"@type\":\"PropertyValueSpecification\",\"valueRequired\":true,\"valueName\":\"search_term_string\"}}],\"inLanguage\":\"de\"},{\"@type\":\"Organization\",\"@id\":\"https:\\\/\\\/jmem-holstein.de\\\/startseite\\\/#organization\",\"name\":\"Jugend mit einer Mission Holstein in Oldenburg\",\"url\":\"https:\\\/\\\/jmem-holstein.de\\\/startseite\\\/\",\"logo\":{\"@type\":\"ImageObject\",\"inLanguage\":\"de\",\"@id\":\"https:\\\/\\\/jmem-holstein.de\\\/startseite\\\/#\\\/schema\\\/logo\\\/image\\\/\",\"url\":\"https:\\\/\\\/jmem-holstein.de\\\/wp-content\\\/uploads\\\/2022\\\/06\\\/JMEM_Holstein_Logo-2.png\",\"contentUrl\":\"https:\\\/\\\/jmem-holstein.de\\\/wp-content\\\/uploads\\\/2022\\\/06\\\/JMEM_Holstein_Logo-2.png\",\"width\":338,\"height\":103,\"caption\":\"Jugend mit einer Mission Holstein in Oldenburg\"},\"image\":{\"@id\":\"https:\\\/\\\/jmem-holstein.de\\\/startseite\\\/#\\\/schema\\\/logo\\\/image\\\/\"}}]}<\/script>\n<!-- \/ Yoast SEO plugin. -->","yoast_head_json":{"title":"Datenschutzerkl\u00e4rung - JMEM Oldenburg in Holstein","robots":{"index":"index","follow":"follow","max-snippet":"max-snippet:-1","max-image-preview":"max-image-preview:large","max-video-preview":"max-video-preview:-1"},"canonical":"https:\/\/jmem-holstein.de\/startseite\/datenschutzerklaerung\/","og_locale":"de_DE","og_type":"article","og_title":"Datenschutzerkl\u00e4rung - JMEM Oldenburg in Holstein","og_description":"Wer bei uns f\u00fcr die Datenverarbeitung verantwortlich ist Verantwortlich f\u00fcr die Datenverarbeitung ist: Jugend mit einer Mission &#8211; Oldenburg inRead more &raquo;","og_url":"https:\/\/jmem-holstein.de\/startseite\/datenschutzerklaerung\/","og_site_name":"JMEM Oldenburg in Holstein","article_modified_time":"2022-06-25T08:09:04+00:00","twitter_card":"summary_large_image","twitter_misc":{"Gesch\u00e4tzte Lesezeit":"9\u00a0Minuten"},"schema":{"@context":"https:\/\/schema.org","@graph":[{"@type":"WebPage","@id":"https:\/\/jmem-holstein.de\/startseite\/datenschutzerklaerung\/","url":"https:\/\/jmem-holstein.de\/startseite\/datenschutzerklaerung\/","name":"Datenschutzerkl\u00e4rung - JMEM Oldenburg in Holstein","isPartOf":{"@id":"https:\/\/jmem-holstein.de\/startseite\/#website"},"datePublished":"2022-06-10T22:08:39+00:00","dateModified":"2022-06-25T08:09:04+00:00","breadcrumb":{"@id":"https:\/\/jmem-holstein.de\/startseite\/datenschutzerklaerung\/#breadcrumb"},"inLanguage":"de","potentialAction":[{"@type":"ReadAction","target":["https:\/\/jmem-holstein.de\/startseite\/datenschutzerklaerung\/"]}]},{"@type":"BreadcrumbList","@id":"https:\/\/jmem-holstein.de\/startseite\/datenschutzerklaerung\/#breadcrumb","itemListElement":[{"@type":"ListItem","position":1,"name":"Startseite","item":"https:\/\/jmem-holstein.de\/startseite\/"},{"@type":"ListItem","position":2,"name":"Datenschutzerkl\u00e4rung"}]},{"@type":"WebSite","@id":"https:\/\/jmem-holstein.de\/startseite\/#website","url":"https:\/\/jmem-holstein.de\/startseite\/","name":"JMEM Oldenburg in Holstein","description":"Der JMEM Holstein Verein stellt sich vor und h\u00e4lt dich \u00fcber die Website \u00fcber alle Veranstaltungen auf dem Laufenden.","publisher":{"@id":"https:\/\/jmem-holstein.de\/startseite\/#organization"},"potentialAction":[{"@type":"SearchAction","target":{"@type":"EntryPoint","urlTemplate":"https:\/\/jmem-holstein.de\/startseite\/?s={search_term_string}"},"query-input":{"@type":"PropertyValueSpecification","valueRequired":true,"valueName":"search_term_string"}}],"inLanguage":"de"},{"@type":"Organization","@id":"https:\/\/jmem-holstein.de\/startseite\/#organization","name":"Jugend mit einer Mission Holstein in Oldenburg","url":"https:\/\/jmem-holstein.de\/startseite\/","logo":{"@type":"ImageObject","inLanguage":"de","@id":"https:\/\/jmem-holstein.de\/startseite\/#\/schema\/logo\/image\/","url":"https:\/\/jmem-holstein.de\/wp-content\/uploads\/2022\/06\/JMEM_Holstein_Logo-2.png","contentUrl":"https:\/\/jmem-holstein.de\/wp-content\/uploads\/2022\/06\/JMEM_Holstein_Logo-2.png","width":338,"height":103,"caption":"Jugend mit einer Mission Holstein in Oldenburg"},"image":{"@id":"https:\/\/jmem-holstein.de\/startseite\/#\/schema\/logo\/image\/"}}]}},"_links":{"self":[{"href":"https:\/\/jmem-holstein.de\/startseite\/wp-json\/wp\/v2\/pages\/306","targetHints":{"allow":["GET"]}}],"collection":[{"href":"https:\/\/jmem-holstein.de\/startseite\/wp-json\/wp\/v2\/pages"}],"about":[{"href":"https:\/\/jmem-holstein.de\/startseite\/wp-json\/wp\/v2\/types\/page"}],"author":[{"embeddable":true,"href":"https:\/\/jmem-holstein.de\/startseite\/wp-json\/wp\/v2\/users\/1"}],"replies":[{"embeddable":true,"href":"https:\/\/jmem-holstein.de\/startseite\/wp-json\/wp\/v2\/comments?post=306"}],"version-history":[{"count":2,"href":"https:\/\/jmem-holstein.de\/startseite\/wp-json\/wp\/v2\/pages\/306\/revisions"}],"predecessor-version":[{"id":329,"href":"https:\/\/jmem-holstein.de\/startseite\/wp-json\/wp\/v2\/pages\/306\/revisions\/329"}],"wp:attachment":[{"href":"https:\/\/jmem-holstein.de\/startseite\/wp-json\/wp\/v2\/media?parent=306"}],"curies":[{"name":"wp","href":"https:\/\/api.w.org\/{rel}","templated":true}]}}